{"id":516,"date":"2025-09-25T11:55:14","date_gmt":"2025-09-25T11:55:14","guid":{"rendered":"https:\/\/kavinetauras.lt\/about\/"},"modified":"2025-10-01T06:47:16","modified_gmt":"2025-10-01T06:47:16","slug":"about","status":"publish","type":"page","link":"https:\/\/kavinetauras.lt\/?page_id=516","title":{"rendered":"Apie"},"content":{"rendered":"\n<div class=\"wp-block-uagb-container uagb-block-d31c6877 alignfull uagb-is-root-container\"><div class=\"uagb-container-inner-blocks-wrap\">\n<div class=\"wp-block-uagb-advanced-heading uagb-block-a1aeb7d8\"><h1 class=\"uagb-heading-text\">Apie Mus\u200b<\/h1><\/div>\n<\/div><\/div>\n\n\n\n<div class=\"wp-block-uagb-container uagb-layout-grid uagb-block-53658cff alignfull uagb-is-root-container\"><div class=\"uagb-container-inner-blocks-wrap\">\n<div class=\"wp-block-uagb-advanced-heading uagb-block-0f7d3b9e\"><h5 class=\"uagb-heading-text\">I\u0161skirtin\u0117 vieta J\u016bs\u0173 kasdieniai rutinai bei \u0161vent\u0117ms ar kitoms progoms pamin\u0117ti.<\/h5><\/div>\n\n\n\n<div class=\"wp-block-uagb-advanced-heading uagb-block-f31f38cb\"><h3 class=\"uagb-heading-text\">Esame jauki, nuo\u0161irdi kaimynyst\u0117s kavin\u0117 pa\u010dioje legendin\u0117s <strong>\u0160iauli\u0173 televizori\u0173 gamyklos \u201eTauras\u201c<\/strong> \u0161irdyje. \u010cia, tarp industrini\u0173 korpus\u0173 ir sen\u0173j\u0173 cech\u0173 istorij\u0173, neu\u017eilgo v\u0117l kvep\u0117s kar\u0161ta sriuba, \u0161vie\u017eiai ruo\u0161tais patiekalais ir kava.<\/h3><p class=\"uagb-desc-text\">Vietos istorija trumpai<br>\u0160i teritorija \u2013 neatsiejama \u0160iauli\u0173 tapatyb\u0117s dalis. 1961 m. \u012fkurta televizori\u0173 gamykla \u201eTauras\u201c i\u0161augo \u012f vien\u0105 svarbiausi\u0173 Lietuvos elektronikos centr\u0173: 1963 m. \u010dia surinktas pirmasis \u201eTemp-6\u201c, netrukus i\u0161kilo naujasis gamyklos korpusas, o po keleri\u0173 met\u0173 pasirod\u0117 lietuvi\u0161ki \u201eTauras\u201c televizoriai. Per tris de\u0161imtme\u010dius \u0160iauliuose pagaminta net <strong>7,5 mln. \u012fvairi\u0173 modeli\u0173 televizori\u0173<\/strong> \u2013 nuo nespalvot\u0173 iki spalvot\u0173, tod\u0117l \u201eTauras\u201c tapo tikru technikos pa\u017eangos simboliu. Gamyklos gyvenim\u0105 papild\u0117 kult\u016bra ir sportas \u2013 veik\u0117 net \u201eTauro\u201c futbolo komanda.<br><br>Valgyklos tradicija<br>Gamyklos miestelyje veik\u0117 ir did\u017eiul\u0117 <strong>Valgykla Nr. 17<\/strong> \u2013 architekt\u016brinio komplekso dalis, kuri kasdien maitino t\u016bkstan\u010dius darbuotoj\u0173 ir simbolizavo \u0161ilt\u0105 bendruomeni\u0161kum\u0105 \u201emiestas mieste\u201c. B\u016btent \u0161i\u0105 kasdien\u0117s, paprastos, bet kokybi\u0161kos virtuv\u0117s dvasi\u0105 t\u0119sime toliau \u2013 tik su \u0161iuolaikinio skonio akcentais.<\/p><\/div>\n<\/div><\/div>\n\n\n\n<div class=\"wp-block-uagb-container uagb-layout-grid uagb-block-bb113932 alignfull uagb-is-root-container\">\t\t\t\t\t<div\n\t\t\t\t\t\tclass=\"wp-block-uagb-image-gallery uagb-block-2615e2e0     \"\n\t\t\t\t\t\tstyle=\"\"\n\t\t\t\t\t>\n\t\t\t\t\t\t\t\t\t\t\t<div class=\"spectra-image-gallery spectra-image-gallery__layout--carousel\">\n\t\t\t\t\t\t\t\t<div class=\"uagb-slick-carousel uagb-block-2615e2e0\">\n\t\t\t\t\t\t\t\t\t\t\t\t<div class='spectra-image-gallery__media-wrapper' data-spectra-gallery-image-id='356'>\n\t\t\t\t\t\t\t<div class=\"spectra-image-gallery__media spectra-image-gallery__media--carousel\">\n\t\t\t\t<picture>\n\t\t\t\t\t<source media=\"(min-width: 1024px)\" srcset=\"https:\/\/kavinetauras.lt\/wp-content\/uploads\/2021\/05\/gallery-01-free-img.jpg\">\n\t\t\t\t\t<source media=\"(min-width: 768px)\" srcset=\"https:\/\/kavinetauras.lt\/wp-content\/uploads\/2021\/05\/gallery-01-free-img.jpg\">\n\t\t\t\t\t<img decoding=\"async\" class=\"spectra-image-gallery__media-thumbnail spectra-image-gallery__media-thumbnail--carousel\" src=\"https:\/\/kavinetauras.lt\/wp-content\/uploads\/2025\/09\/gallery-01-free-img-284x300-1.jpg\" alt=\"Gallery 01 Free Img 284x300 1\" loading=\"lazy\" title=\"Apie\">\n\t\t\t\t<\/picture>\n\t\t\t\t<div class=\"spectra-image-gallery__media-thumbnail-blurrer\"><\/div>\n\t\t\t\t\t\t\t\t\t\t\t<div class=\"spectra-image-gallery__media-thumbnail-caption-wrapper spectra-image-gallery__media-thumbnail-caption-wrapper--overlay\"><\/div>\n\t\t\t\t\t\t\t\t<\/div>\n\t\t\t\t\t\t<\/div>\n\t\t\t\t\t\t<div class='spectra-image-gallery__media-wrapper' data-spectra-gallery-image-id='359'>\n\t\t\t\t\t\t\t<div class=\"spectra-image-gallery__media spectra-image-gallery__media--carousel\">\n\t\t\t\t<picture>\n\t\t\t\t\t<source media=\"(min-width: 1024px)\" srcset=\"https:\/\/kavinetauras.lt\/wp-content\/uploads\/2021\/05\/gallery-04-free-img.jpg\">\n\t\t\t\t\t<source media=\"(min-width: 768px)\" srcset=\"https:\/\/kavinetauras.lt\/wp-content\/uploads\/2021\/05\/gallery-04-free-img.jpg\">\n\t\t\t\t\t<img decoding=\"async\" class=\"spectra-image-gallery__media-thumbnail spectra-image-gallery__media-thumbnail--carousel\" src=\"https:\/\/kavinetauras.lt\/wp-content\/uploads\/2025\/09\/gallery-04-free-img-284x300-1.jpg\" alt=\"Gallery 04 Free Img 284x300 1\" loading=\"lazy\" title=\"Apie\">\n\t\t\t\t<\/picture>\n\t\t\t\t<div class=\"spectra-image-gallery__media-thumbnail-blurrer\"><\/div>\n\t\t\t\t\t\t\t\t\t\t\t<div class=\"spectra-image-gallery__media-thumbnail-caption-wrapper spectra-image-gallery__media-thumbnail-caption-wrapper--overlay\"><\/div>\n\t\t\t\t\t\t\t\t<\/div>\n\t\t\t\t\t\t<\/div>\n\t\t\t\t\t\t<div class='spectra-image-gallery__media-wrapper' data-spectra-gallery-image-id='406'>\n\t\t\t\t\t\t\t<div class=\"spectra-image-gallery__media spectra-image-gallery__media--carousel\">\n\t\t\t\t<picture>\n\t\t\t\t\t<source media=\"(min-width: 1024px)\" srcset=\"https:\/\/kavinetauras.lt\/wp-content\/uploads\/2021\/05\/gallery-05-free-img.jpg\">\n\t\t\t\t\t<source media=\"(min-width: 768px)\" srcset=\"https:\/\/kavinetauras.lt\/wp-content\/uploads\/2021\/05\/gallery-05-free-img.jpg\">\n\t\t\t\t\t<img decoding=\"async\" class=\"spectra-image-gallery__media-thumbnail spectra-image-gallery__media-thumbnail--carousel\" src=\"https:\/\/kavinetauras.lt\/wp-content\/uploads\/2025\/09\/gallery-05-free-img-284x300-1.jpg\" alt=\"Gallery 05 Free Img 284x300 1\" loading=\"lazy\" title=\"Apie\">\n\t\t\t\t<\/picture>\n\t\t\t\t<div class=\"spectra-image-gallery__media-thumbnail-blurrer\"><\/div>\n\t\t\t\t\t\t\t\t\t\t\t<div class=\"spectra-image-gallery__media-thumbnail-caption-wrapper spectra-image-gallery__media-thumbnail-caption-wrapper--overlay\"><\/div>\n\t\t\t\t\t\t\t\t<\/div>\n\t\t\t\t\t\t<\/div>\n\t\t\t\t\t\t<div class='spectra-image-gallery__media-wrapper' data-spectra-gallery-image-id='407'>\n\t\t\t\t\t\t\t<div class=\"spectra-image-gallery__media spectra-image-gallery__media--carousel\">\n\t\t\t\t<picture>\n\t\t\t\t\t<source media=\"(min-width: 1024px)\" srcset=\"https:\/\/kavinetauras.lt\/wp-content\/uploads\/2021\/05\/gallery-08-free-img.jpg\">\n\t\t\t\t\t<source media=\"(min-width: 768px)\" srcset=\"https:\/\/kavinetauras.lt\/wp-content\/uploads\/2021\/05\/gallery-08-free-img.jpg\">\n\t\t\t\t\t<img decoding=\"async\" class=\"spectra-image-gallery__media-thumbnail spectra-image-gallery__media-thumbnail--carousel\" src=\"https:\/\/kavinetauras.lt\/wp-content\/uploads\/2025\/09\/gallery-08-free-img-284x300-1.jpg\" alt=\"Gallery 08 Free Img 284x300 1\" loading=\"lazy\" title=\"Apie\">\n\t\t\t\t<\/picture>\n\t\t\t\t<div class=\"spectra-image-gallery__media-thumbnail-blurrer\"><\/div>\n\t\t\t\t\t\t\t\t\t\t\t<div class=\"spectra-image-gallery__media-thumbnail-caption-wrapper spectra-image-gallery__media-thumbnail-caption-wrapper--overlay\"><\/div>\n\t\t\t\t\t\t\t\t<\/div>\n\t\t\t\t\t\t<\/div>\n\t\t\t\t\t\t\t\t\t\t\t<\/div>\n\t\t\t\t\t\t\t<\/div>\n\t\t\t\t\t\t\t\t\t\t\t<\/div>\n\t\t\t\t\t\t\t\t\t\n\n\t\t\t\t\t<div\n\t\t\t\t\t\tclass=\"wp-block-uagb-image-gallery uagb-block-35e0e485     \"\n\t\t\t\t\t\tstyle=\"\"\n\t\t\t\t\t>\n\t\t\t\t\t\t\t\t\t\t\t<div class=\"spectra-image-gallery spectra-image-gallery__layout--carousel\">\n\t\t\t\t\t\t\t\t<div class=\"uagb-slick-carousel uagb-block-35e0e485\">\n\t\t\t\t\t\t\t\t\t\t\t\t<div class='spectra-image-gallery__media-wrapper' data-spectra-gallery-image-id='357'>\n\t\t\t\t\t\t\t<div class=\"spectra-image-gallery__media spectra-image-gallery__media--carousel\">\n\t\t\t\t<picture>\n\t\t\t\t\t<source media=\"(min-width: 1024px)\" srcset=\"https:\/\/kavinetauras.lt\/wp-content\/uploads\/2025\/09\/gallery-02-free-img-1024x720-1.jpg\">\n\t\t\t\t\t<source media=\"(min-width: 768px)\" srcset=\"https:\/\/kavinetauras.lt\/wp-content\/uploads\/2025\/09\/gallery-02-free-img-1024x720-1.jpg\">\n\t\t\t\t\t<img decoding=\"async\" class=\"spectra-image-gallery__media-thumbnail spectra-image-gallery__media-thumbnail--carousel\" src=\"https:\/\/kavinetauras.lt\/wp-content\/uploads\/2025\/09\/gallery-02-free-img-300x211-1.jpg\" alt=\"Gallery 02 Free Img 300x211 1\" loading=\"lazy\" title=\"Apie\">\n\t\t\t\t<\/picture>\n\t\t\t\t<div class=\"spectra-image-gallery__media-thumbnail-blurrer\"><\/div>\n\t\t\t\t\t\t\t\t\t\t\t<div class=\"spectra-image-gallery__media-thumbnail-caption-wrapper spectra-image-gallery__media-thumbnail-caption-wrapper--overlay\"><\/div>\n\t\t\t\t\t\t\t\t<\/div>\n\t\t\t\t\t\t<\/div>\n\t\t\t\t\t\t<div class='spectra-image-gallery__media-wrapper' data-spectra-gallery-image-id='392'>\n\t\t\t\t\t\t\t<div class=\"spectra-image-gallery__media spectra-image-gallery__media--carousel\">\n\t\t\t\t<picture>\n\t\t\t\t\t<source media=\"(min-width: 1024px)\" srcset=\"https:\/\/kavinetauras.lt\/wp-content\/uploads\/2025\/09\/gallery-003-free-img-1024x720-1.jpg\">\n\t\t\t\t\t<source media=\"(min-width: 768px)\" srcset=\"https:\/\/kavinetauras.lt\/wp-content\/uploads\/2025\/09\/gallery-003-free-img-1024x720-1.jpg\">\n\t\t\t\t\t<img decoding=\"async\" class=\"spectra-image-gallery__media-thumbnail spectra-image-gallery__media-thumbnail--carousel\" src=\"https:\/\/kavinetauras.lt\/wp-content\/uploads\/2025\/09\/gallery-003-free-img-300x211-1.jpg\" alt=\"Gallery 003 Free Img 300x211 1\" loading=\"lazy\" title=\"Apie\">\n\t\t\t\t<\/picture>\n\t\t\t\t<div class=\"spectra-image-gallery__media-thumbnail-blurrer\"><\/div>\n\t\t\t\t\t\t\t\t\t\t\t<div class=\"spectra-image-gallery__media-thumbnail-caption-wrapper spectra-image-gallery__media-thumbnail-caption-wrapper--overlay\"><\/div>\n\t\t\t\t\t\t\t\t<\/div>\n\t\t\t\t\t\t<\/div>\n\t\t\t\t\t\t<div class='spectra-image-gallery__media-wrapper' data-spectra-gallery-image-id='408'>\n\t\t\t\t\t\t\t<div class=\"spectra-image-gallery__media spectra-image-gallery__media--carousel\">\n\t\t\t\t<picture>\n\t\t\t\t\t<source media=\"(min-width: 1024px)\" srcset=\"https:\/\/kavinetauras.lt\/wp-content\/uploads\/2025\/09\/gallery-06-free-img-1024x720-1.jpg\">\n\t\t\t\t\t<source media=\"(min-width: 768px)\" srcset=\"https:\/\/kavinetauras.lt\/wp-content\/uploads\/2025\/09\/gallery-06-free-img-1024x720-1.jpg\">\n\t\t\t\t\t<img decoding=\"async\" class=\"spectra-image-gallery__media-thumbnail spectra-image-gallery__media-thumbnail--carousel\" src=\"https:\/\/kavinetauras.lt\/wp-content\/uploads\/2025\/09\/gallery-06-free-img-300x211-1.jpg\" alt=\"Gallery 06 Free Img 300x211 1\" loading=\"lazy\" title=\"Apie\">\n\t\t\t\t<\/picture>\n\t\t\t\t<div class=\"spectra-image-gallery__media-thumbnail-blurrer\"><\/div>\n\t\t\t\t\t\t\t\t\t\t\t<div class=\"spectra-image-gallery__media-thumbnail-caption-wrapper spectra-image-gallery__media-thumbnail-caption-wrapper--overlay\"><\/div>\n\t\t\t\t\t\t\t\t<\/div>\n\t\t\t\t\t\t<\/div>\n\t\t\t\t\t\t<div class='spectra-image-gallery__media-wrapper' data-spectra-gallery-image-id='409'>\n\t\t\t\t\t\t\t<div class=\"spectra-image-gallery__media spectra-image-gallery__media--carousel\">\n\t\t\t\t<picture>\n\t\t\t\t\t<source media=\"(min-width: 1024px)\" srcset=\"https:\/\/kavinetauras.lt\/wp-content\/uploads\/2025\/09\/gallery-07-free-img-1024x720-1.jpg\">\n\t\t\t\t\t<source media=\"(min-width: 768px)\" srcset=\"https:\/\/kavinetauras.lt\/wp-content\/uploads\/2025\/09\/gallery-07-free-img-1024x720-1.jpg\">\n\t\t\t\t\t<img decoding=\"async\" class=\"spectra-image-gallery__media-thumbnail spectra-image-gallery__media-thumbnail--carousel\" src=\"https:\/\/kavinetauras.lt\/wp-content\/uploads\/2025\/09\/gallery-07-free-img-300x211-1.jpg\" alt=\"Gallery 07 Free Img 300x211 1\" loading=\"lazy\" title=\"Apie\">\n\t\t\t\t<\/picture>\n\t\t\t\t<div class=\"spectra-image-gallery__media-thumbnail-blurrer\"><\/div>\n\t\t\t\t\t\t\t\t\t\t\t<div class=\"spectra-image-gallery__media-thumbnail-caption-wrapper spectra-image-gallery__media-thumbnail-caption-wrapper--overlay\"><\/div>\n\t\t\t\t\t\t\t\t<\/div>\n\t\t\t\t\t\t<\/div>\n\t\t\t\t\t\t\t\t\t\t\t<\/div>\n\t\t\t\t\t\t\t<\/div>\n\t\t\t\t\t\t\t\t\t\t\t<\/div>\n\t\t\t\t\t\t\t\t\t<\/div>\n\n\n\n<div class=\"wp-block-uagb-container uagb-block-1e25655b alignfull uagb-is-root-container\"><div class=\"uagb-container-inner-blocks-wrap\">\n<div class=\"wp-block-uagb-advanced-heading uagb-block-124bda3b\"><h2 class=\"uagb-heading-text\">K\u0105 rasite pas mus\u200b<\/h2><\/div>\n\n\n\n<div class=\"wp-block-uagb-container uagb-layout-grid uagb-block-5a402afd\">\n<div class=\"wp-block-uagb-advanced-heading uagb-block-fb808cf1\"><h5 class=\"uagb-heading-text\">Lauksime \u201eTauro kavin\u0117je\u201c \u2013 paragausite paprasto, gero maisto vietoje, kur \u0160iauli\u0173 pramon\u0117s istorija susitinka su \u0161iuolaikiniu miesto skoniu.<\/h5><\/div>\n\n\n\n<div class=\"wp-block-uagb-advanced-heading uagb-block-397f5c05\"><h3 class=\"uagb-heading-text\">Erdv\u0117 J\u016bs\u0173 kasdieniai rutinai, bei \u0161vent\u0117ms ar kitoms progoms pamin\u0117ti.\u200b<\/h3><p class=\"uagb-desc-text\">Jaukius nam\u0173 virtuv\u0117s patiekalus, pagamintus i\u0161 \u0161vie\u017ei\u0173 produkt\u0173.<br>Greit\u0105, draugi\u0161k\u0105 aptarnavim\u0105 \u2013 kaip toje senojoje valgykloje, tik patogiau.<br>Erdv\u0119 susitikti: ar tai b\u016bt\u0173 greita pertrauka tarp darb\u0173, ar ilgesnis pasis\u0117d\u0117jimas su bi\u010diuliais. Pasir\u016bpinsime, kad banketas ar fur\u0161etas b\u016bt\u0173 malonus prisiminimas.<br><\/p><\/div>\n\n\n\n<p><\/p>\n<\/div>\n<\/div><\/div>\n\n\n\n<div class=\"wp-block-uagb-container uagb-block-683abb30 alignfull uagb-is-root-container\"><div class=\"uagb-container-inner-blocks-wrap\">\n<div class=\"wp-block-uagb-container uagb-block-7a55a3d5\">\n<div class=\"wp-block-uagb-info-box uagb-block-46d35a34 uagb-infobox__content-wrap  uagb-infobox-icon-above-title uagb-infobox-image-valign-top\"><div class=\"uagb-ifb-content\"><div class=\"uagb-ifb-title-wrap\"><h2 class=\"uagb-ifb-title-prefix\">Kontaktai<\/h2><h5 class=\"uagb-ifb-title\">Pramon\u0117s g. 15c, \u0160iauliai<br><br>+370 698 27 315<br><br>info@averita.lt<\/h5><\/div><\/div><\/div>\n<\/div>\n<\/div><\/div>\n\n\n\n<div class=\"wp-block-uagb-container uagb-layout-grid uagb-block-3ef2ebcf alignfull uagb-is-root-container\">\n<div class=\"wp-block-uagb-image uagb-block-b47fb112 wp-block-uagb-image--layout-default wp-block-uagb-image--effect-static wp-block-uagb-image--align-none\"><figure class=\"wp-block-uagb-image__figure\"><a class=\"\" href=\"#\" target=\"\" rel=\"noopener\"><img decoding=\"async\" srcset=\"https:\/\/kavinetauras.lt\/wp-content\/uploads\/2021\/04\/insta-01-free-img.jpg ,https:\/\/kavinetauras.lt\/wp-content\/uploads\/2025\/09\/insta-01-free-img-150x150-1.jpg 780w, https:\/\/kavinetauras.lt\/wp-content\/uploads\/2021\/04\/insta-01-free-img.jpg 360w\" sizes=\"auto, (max-width: 480px) 150px\" src=\"https:\/\/kavinetauras.lt\/wp-content\/uploads\/2021\/04\/insta-01-free-img.jpg\" alt=\"Insta 01 Free Img\" class=\"uag-image-24\" width=\"384\" height=\"384\" title=\"Apie\" loading=\"lazy\" role=\"img\"><\/a><\/figure><\/div>\n\n\n\n<div class=\"wp-block-uagb-container uagb-block-14371b88\">      \n\t\t\t<div class=\"uagb-icon-wrapper uagb-block-76b7ec63      \"\n\t\t\tstyle=\"\" >\n\t\t\t\t\t\t\t\t\t<span class=\"uagb-svg-wrapper\" \n\t\t\t\t\t aria-label=\"instagram\"\t\t\t\t\ttabindex=\"0\">\t\t\n\t\t\t\t\t\t\t\t\t\t<svg xmlns=\"https:\/\/www.w3.org\/2000\/svg\" viewBox= \"0 0 448 512\" role=\"graphics-symbol\" aria-hidden=\"false\" aria-label=\"\"><path d=\"M224.1 141c-63.6 0-114.9 51.3-114.9 114.9s51.3 114.9 114.9 114.9S339 319.5 339 255.9 287.7 141 224.1 141zm0 189.6c-41.1 0-74.7-33.5-74.7-74.7s33.5-74.7 74.7-74.7 74.7 33.5 74.7 74.7-33.6 74.7-74.7 74.7zm146.4-194.3c0 14.9-12 26.8-26.8 26.8-14.9 0-26.8-12-26.8-26.8s12-26.8 26.8-26.8 26.8 12 26.8 26.8zm76.1 27.2c-1.7-35.9-9.9-67.7-36.2-93.9-26.2-26.2-58-34.4-93.9-36.2-37-2.1-147.9-2.1-184.9 0-35.8 1.7-67.6 9.9-93.9 36.1s-34.4 58-36.2 93.9c-2.1 37-2.1 147.9 0 184.9 1.7 35.9 9.9 67.7 36.2 93.9s58 34.4 93.9 36.2c37 2.1 147.9 2.1 184.9 0 35.9-1.7 67.7-9.9 93.9-36.2 26.2-26.2 34.4-58 36.2-93.9 2.1-37 2.1-147.8 0-184.8zM398.8 388c-7.8 19.6-22.9 34.7-42.6 42.6-29.5 11.7-99.5 9-132.1 9s-102.7 2.6-132.1-9c-19.6-7.8-34.7-22.9-42.6-42.6-11.7-29.5-9-99.5-9-132.1s-2.6-102.7 9-132.1c7.8-19.6 22.9-34.7 42.6-42.6 29.5-11.7 99.5-9 132.1-9s102.7-2.6 132.1 9c19.6 7.8 34.7 22.9 42.6 42.6 11.7 29.5 9 99.5 9 132.1s2.7 102.7-9 132.1z\"><\/path><\/svg>\n\t\t\t\t\t\t\t\t\t<\/span>\n\t\t\t\t\t\t\t<\/div>\n\t\t\t\n\n\n<div class=\"wp-block-uagb-advanced-heading uagb-block-21a69313\"><h4 class=\"uagb-heading-text\">Follow us on\u200b<\/h4><\/div>\n\n\n\n<div class=\"wp-block-uagb-image uagb-block-a94d0c32 wp-block-uagb-image--layout-default wp-block-uagb-image--effect-static wp-block-uagb-image--align-none\"><figure class=\"wp-block-uagb-image__figure\"><img decoding=\"async\" srcset=\"https:\/\/kavinetauras.lt\/wp-content\/uploads\/2021\/05\/insta-logo-img.png ,https:\/\/kavinetauras.lt\/wp-content\/uploads\/2021\/05\/insta-logo-img.png 780w, https:\/\/kavinetauras.lt\/wp-content\/uploads\/2021\/05\/insta-logo-img.png 360w\" sizes=\"auto, (max-width: 480px) 150px\" src=\"https:\/\/kavinetauras.lt\/wp-content\/uploads\/2021\/05\/insta-logo-img.png\" alt=\"Insta Logo Img\" class=\"uag-image-109\" width=\"245\" height=\"69\" title=\"insta-logo-img\" loading=\"lazy\" role=\"img\"><\/figure><\/div>\n<\/div>\n\n\n\n<div class=\"wp-block-uagb-image uagb-block-383eaf0c wp-block-uagb-image--layout-default wp-block-uagb-image--effect-static wp-block-uagb-image--align-none\"><figure class=\"wp-block-uagb-image__figure\"><a class=\"\" href=\"#\" target=\"\" rel=\"noopener\"><img decoding=\"async\" srcset=\"https:\/\/kavinetauras.lt\/wp-content\/uploads\/2021\/04\/insta-03-free-img.jpg ,https:\/\/kavinetauras.lt\/wp-content\/uploads\/2025\/09\/insta-03-free-img-150x150-1.jpg 780w, https:\/\/kavinetauras.lt\/wp-content\/uploads\/2025\/09\/insta-03-free-img-150x150-1.jpg 360w\" sizes=\"auto, (max-width: 480px) 150px\" src=\"https:\/\/kavinetauras.lt\/wp-content\/uploads\/2021\/04\/insta-03-free-img.jpg\" alt=\"Insta 03 Free Img\" class=\"uag-image-26\" width=\"384\" height=\"384\" title=\"Apie\" loading=\"lazy\" role=\"img\"><\/a><\/figure><\/div>\n\n\n\n<div class=\"wp-block-uagb-image uagb-block-d1e69de3 wp-block-uagb-image--layout-default wp-block-uagb-image--effect-static wp-block-uagb-image--align-none\"><figure class=\"wp-block-uagb-image__figure\"><a class=\"\" href=\"#\" target=\"\" rel=\"noopener\"><img decoding=\"async\" srcset=\"https:\/\/kavinetauras.lt\/wp-content\/uploads\/2021\/04\/insta-02-free-img.jpg ,https:\/\/kavinetauras.lt\/wp-content\/uploads\/2025\/09\/insta-02-free-img-150x150-1.jpg 780w, https:\/\/kavinetauras.lt\/wp-content\/uploads\/2025\/09\/insta-02-free-img-150x150-1.jpg 360w\" sizes=\"auto, (max-width: 480px) 150px\" src=\"https:\/\/kavinetauras.lt\/wp-content\/uploads\/2021\/04\/insta-02-free-img.jpg\" alt=\"Insta 02 Free Img\" class=\"uag-image-25\" width=\"384\" height=\"384\" title=\"Apie\" loading=\"lazy\" role=\"img\"><\/a><\/figure><\/div>\n\n\n\n<div class=\"wp-block-uagb-image uagb-block-bf8fb7c4 wp-block-uagb-image--layout-default wp-block-uagb-image--effect-static wp-block-uagb-image--align-none\"><figure class=\"wp-block-uagb-image__figure\"><a class=\"\" href=\"#\" target=\"\" rel=\"noopener\"><img decoding=\"async\" srcset=\"https:\/\/kavinetauras.lt\/wp-content\/uploads\/2021\/04\/insta-04-free-img.jpg ,https:\/\/kavinetauras.lt\/wp-content\/uploads\/2025\/09\/insta-04-free-img-150x150-1.jpg 780w, https:\/\/kavinetauras.lt\/wp-content\/uploads\/2025\/09\/insta-04-free-img-150x150-1.jpg 360w\" sizes=\"auto, (max-width: 480px) 150px\" src=\"https:\/\/kavinetauras.lt\/wp-content\/uploads\/2021\/04\/insta-04-free-img.jpg\" alt=\"Insta 04 Free Img\" class=\"uag-image-27\" width=\"384\" height=\"384\" title=\"Apie\" loading=\"lazy\" role=\"img\"><\/a><\/figure><\/div>\n<\/div>\n","protected":false},"excerpt":{"rendered":"<p>Apie Mus\u200b I\u0161skirtin\u0117 vieta J\u016bs\u0173 kasdieniai rutinai bei \u0161vent\u0117ms ar kitoms progoms pamin\u0117ti. Esame jauki, nuo\u0161irdi kaimynyst\u0117s kavin\u0117 pa\u010dioje legendin\u0117s \u0160iauli\u0173 televizori\u0173 gamyklos \u201eTauras\u201c \u0161irdyje. \u010cia, tarp industrini\u0173 korpus\u0173 ir sen\u0173j\u0173 cech\u0173 istorij\u0173, neu\u017eilgo v\u0117l kvep\u0117s kar\u0161ta sriuba, \u0161vie\u017eiai ruo\u0161tais patiekalais ir kava. Vietos istorija trumpai\u0160i teritorija \u2013 neatsiejama \u0160iauli\u0173 tapatyb\u0117s dalis. 1961 m. \u012fkurta [&hellip;]<\/p>\n","protected":false},"author":1,"featured_media":0,"parent":0,"menu_order":0,"comment_status":"closed","ping_status":"closed","template":"","meta":{"_uag_custom_page_level_css":"","site-sidebar-layout":"no-sidebar","site-content-layout":"plain-container","ast-site-content-layout":"normal-width-container","site-content-style":"unboxed","site-sidebar-style":"unboxed","ast-global-header-display":"","ast-banner-title-visibility":"","ast-main-header-display":"","ast-hfb-above-header-display":"","ast-hfb-below-header-display":"","ast-hfb-mobile-header-display":"","site-post-title":"disabled","ast-breadcrumbs-content":"","ast-featured-img":"disabled","footer-sml-layout":"","ast-disable-related-posts":"","theme-transparent-header-meta":"enabled","adv-header-id-meta":"","stick-header-meta":"","header-above-stick-meta":"","header-main-stick-meta":"","header-below-stick-meta":"","astra-migrate-meta-layouts":"set","ast-page-background-enabled":"default","ast-page-background-meta":{"desktop":{"background-color":"","background-image":"","background-repeat":"repeat","background-position":"center center","background-size":"auto","background-attachment":"scroll","background-type":"","background-media":"","overlay-type":"","overlay-color":"","overlay-opacity":"","overlay-gradient":""},"tablet":{"background-color":"","background-image":"","background-repeat":"repeat","background-position":"center center","background-size":"auto","background-attachment":"scroll","background-type":"","background-media":"","overlay-type":"","overlay-color":"","overlay-opacity":"","overlay-gradient":""},"mobile":{"background-color":"","background-image":"","background-repeat":"repeat","background-position":"center center","background-size":"auto","background-attachment":"scroll","background-type":"","background-media":"","overlay-type":"","overlay-color":"","overlay-opacity":"","overlay-gradient":""}},"ast-content-background-meta":{"desktop":{"background-color":"var(--ast-global-color-5)","background-image":"","background-repeat":"repeat","background-position":"center center","background-size":"auto","background-attachment":"scroll","background-type":"","background-media":"","overlay-type":"","overlay-color":"","overlay-opacity":"","overlay-gradient":""},"tablet":{"background-color":"var(--ast-global-color-5)","background-image":"","background-repeat":"repeat","background-position":"center center","background-size":"auto","background-attachment":"scroll","background-type":"","background-media":"","overlay-type":"","overlay-color":"","overlay-opacity":"","overlay-gradient":""},"mobile":{"background-color":"var(--ast-global-color-5)","background-image":"","background-repeat":"repeat","background-position":"center center","background-size":"auto","background-attachment":"scroll","background-type":"","background-media":"","overlay-type":"","overlay-color":"","overlay-opacity":"","overlay-gradient":""}},"footnotes":""},"class_list":["post-516","page","type-page","status-publish","hentry"],"_hostinger_reach_plugin_has_subscription_block":false,"_hostinger_reach_plugin_is_elementor":false,"uagb_featured_image_src":{"full":false,"thumbnail":false,"medium":false,"medium_large":false,"large":false,"1536x1536":false,"2048x2048":false},"uagb_author_info":{"display_name":"serveris@averita.lt","author_link":"https:\/\/kavinetauras.lt\/?author=1"},"uagb_comment_info":0,"uagb_excerpt":"Apie Mus\u200b I\u0161skirtin\u0117 vieta J\u016bs\u0173 kasdieniai rutinai bei \u0161vent\u0117ms ar kitoms progoms pamin\u0117ti. Esame jauki, nuo\u0161irdi kaimynyst\u0117s kavin\u0117 pa\u010dioje legendin\u0117s \u0160iauli\u0173 televizori\u0173 gamyklos \u201eTauras\u201c \u0161irdyje. \u010cia, tarp industrini\u0173 korpus\u0173 ir sen\u0173j\u0173 cech\u0173 istorij\u0173, neu\u017eilgo v\u0117l kvep\u0117s kar\u0161ta sriuba, \u0161vie\u017eiai ruo\u0161tais patiekalais ir kava. Vietos istorija trumpai\u0160i teritorija \u2013 neatsiejama \u0160iauli\u0173 tapatyb\u0117s dalis. 1961 m. \u012fkurta&hellip;","_links":{"self":[{"href":"https:\/\/kavinetauras.lt\/index.php?rest_route=\/wp\/v2\/pages\/516","targetHints":{"allow":["GET"]}}],"collection":[{"href":"https:\/\/kavinetauras.lt\/index.php?rest_route=\/wp\/v2\/pages"}],"about":[{"href":"https:\/\/kavinetauras.lt\/index.php?rest_route=\/wp\/v2\/types\/page"}],"author":[{"embeddable":true,"href":"https:\/\/kavinetauras.lt\/index.php?rest_route=\/wp\/v2\/users\/1"}],"replies":[{"embeddable":true,"href":"https:\/\/kavinetauras.lt\/index.php?rest_route=%2Fwp%2Fv2%2Fcomments&post=516"}],"version-history":[{"count":6,"href":"https:\/\/kavinetauras.lt\/index.php?rest_route=\/wp\/v2\/pages\/516\/revisions"}],"predecessor-version":[{"id":2101,"href":"https:\/\/kavinetauras.lt\/index.php?rest_route=\/wp\/v2\/pages\/516\/revisions\/2101"}],"wp:attachment":[{"href":"https:\/\/kavinetauras.lt\/index.php?rest_route=%2Fwp%2Fv2%2Fmedia&parent=516"}],"curies":[{"name":"wp","href":"https:\/\/api.w.org\/{rel}","templated":true}]}}